{"id":3430,"date":"2024-02-19T12:14:28","date_gmt":"2024-02-19T12:14:28","guid":{"rendered":"http:\/\/alegriabynoun.com\/?page_id=3430"},"modified":"2026-01-22T10:35:18","modified_gmt":"2026-01-22T10:35:18","slug":"contacto-3","status":"publish","type":"page","link":"https:\/\/alegriabynoun.com\/es\/contacto-3\/","title":{"rendered":"Contacto"},"content":{"rendered":"<p>[et_pb_section fb_built=\u00bb1&#8243; custom_padding_last_edited=\u00bbon|desktop\u00bb _builder_version=\u00bb4.23.4&#8243; _module_preset=\u00bbdefault\u00bb custom_margin_tablet=\u00bb\u00bb custom_margin_phone=\u00bb||0px||false|false\u00bb custom_margin_last_edited=\u00bbon|phone\u00bb custom_padding=\u00bb85px||85px||false|false\u00bb custom_padding_tablet=\u00bb\u00bb custom_padding_phone=\u00bb20px||||false|false\u00bb bottom_divider_color=\u00bb#ede9cd\u00bb locked=\u00bboff\u00bb global_colors_info=\u00bb{}\u00bb][et_pb_row _builder_version=\u00bb4.16&#8243; _module_preset=\u00bbdefault\u00bb global_colors_info=\u00bb{}\u00bb][et_pb_column type=\u00bb4_4&#8243; _builder_version=\u00bb4.16&#8243; _module_preset=\u00bbdefault\u00bb global_colors_info=\u00bb{}\u00bb][dsm_animated_gradient_text animated_gradient_text=\u00bbContacto para m\u00e1s felicidad\u00bb _builder_version=\u00bb4.23.4&#8243; _module_preset=\u00bbdefault\u00bb header_font_size=\u00bb42px\u00bb header_font_size_tablet=\u00bb42px\u00bb header_font_size_phone=\u00bb28px\u00bb header_font_size_last_edited=\u00bbon|phone\u00bb locked=\u00bboff\u00bb global_colors_info=\u00bb{}\u00bb][\/dsm_animated_gradient_text][\/et_pb_column][\/et_pb_row][et_pb_row column_structure=\u00bb1_2,1_2&#8243; _builder_version=\u00bb4.23.4&#8243; _module_preset=\u00bbdefault\u00bb global_colors_info=\u00bb{}\u00bb][et_pb_column type=\u00bb1_2&#8243; _builder_version=\u00bb4.23.4&#8243; _module_preset=\u00bbdefault\u00bb global_colors_info=\u00bb{}\u00bb][et_pb_text _builder_version=\u00bb4.27.4&#8243; header_2_font=\u00bbNunito|600|||||||\u00bb header_2_text_color=\u00bb#863d12&#8243; transform_scale_tablet=\u00bb\u00bb transform_scale_phone=\u00bb\u00bb transform_scale_last_edited=\u00bbon|desktop\u00bb transform_translate_tablet=\u00bb\u00bb transform_translate_phone=\u00bb\u00bb transform_translate_last_edited=\u00bbon|desktop\u00bb transform_rotate_tablet=\u00bb\u00bb transform_rotate_phone=\u00bb\u00bb transform_rotate_last_edited=\u00bbon|desktop\u00bb transform_skew_tablet=\u00bb\u00bb transform_skew_phone=\u00bb\u00bb transform_skew_last_edited=\u00bbon|desktop\u00bb transform_origin_tablet=\u00bb\u00bb transform_origin_phone=\u00bb\u00bb transform_origin_last_edited=\u00bbon|desktop\u00bb transform_styles_last_edited=\u00bbon|desktop\u00bb transform_styles_tablet=\u00bb\u00bb transform_styles_phone=\u00bb\u00bb global_colors_info=\u00bb{}\u00bb]<\/p>\n<h3><span style=\"font-weight: 400;\"><span>Mis manos m\u00e1gicas para tu pr\u00f3ximo masaje de yoga Ayurveda, un clase de Pilates o Yoga y yo como tu liberador de hormonas de la felicidad del yoga de la risa est\u00e1n actualmente aqu\u00ed<\/span>:<\/span><\/h3>\n<h3><\/h3>\n<p><strong>Tenerife<\/strong><\/p>\n<h3><\/h3>\n<p><span>\u00a1Aseg\u00farate de contactarme si tambi\u00e9n est\u00e1s cerca de all\u00ed! Espero poder enviar m\u00e1s alegr\u00eda de vivir al mundo contigo.<\/span><\/p>\n<h3><br style=\"font-weight: 400;\" \/><br style=\"font-weight: 400;\" \/><\/h3>\n<p>[\/et_pb_text][\/et_pb_column][et_pb_column type=\u00bb1_2&#8243; _builder_version=\u00bb4.23.4&#8243; _module_preset=\u00bbdefault\u00bb global_colors_info=\u00bb{}\u00bb][et_pb_image src=\u00bbhttp:\/\/alegriabynoun.com\/wp-content\/uploads\/Noun-Namaste.jpg\u00bb alt=\u00bbNoun Namaste\u00bb title_text=\u00bbNoun-Namaste\u00bb _builder_version=\u00bb4.23.4&#8243; _module_preset=\u00bbdefault\u00bb custom_margin=\u00bb0px||||false|false\u00bb custom_margin_tablet=\u00bb\u00bb custom_margin_phone=\u00bb0px||0px||true|false\u00bb custom_margin_last_edited=\u00bbon|phone\u00bb custom_padding_tablet=\u00bb\u00bb custom_padding_phone=\u00bb0px||0px||true|false\u00bb custom_padding_last_edited=\u00bbon|phone\u00bb global_colors_info=\u00bb{}\u00bb][\/et_pb_image][\/et_pb_column][\/et_pb_row][\/et_pb_section][et_pb_section fb_built=\u00bb1&#8243; _builder_version=\u00bb4.23.4&#8243; _module_preset=\u00bbdefault\u00bb global_colors_info=\u00bb{}\u00bb][et_pb_row _builder_version=\u00bb4.23.4&#8243; _module_preset=\u00bbdefault\u00bb global_colors_info=\u00bb{}\u00bb header_font_size_phone=\u00bb28px\u00bb header_font_size_last_edited=\u00bbon|phone\u00bb header_font_size_tablet=\u00bb42px\u00bb][et_pb_column type=\u00bb4_4&#8243; _builder_version=\u00bb4.23.4&#8243; _module_preset=\u00bbdefault\u00bb global_colors_info=\u00bb{}\u00bb][dsm_animated_gradient_text animated_gradient_text=\u00bb\u00abD\u00e9jame ayudarte a encontrar y colocar la \u00faltima pieza del rompecabezas de la vida o la que falta.\u00bb\u00bb _builder_version=\u00bb4.23.4&#8243; _module_preset=\u00bbdefault\u00bb header_font_size=\u00bb42px\u00bb header_font_size_tablet=\u00bb42px\u00bb header_font_size_phone=\u00bb28px\u00bb header_font_size_last_edited=\u00bbon|phone\u00bb locked=\u00bboff\u00bb global_colors_info=\u00bb{}\u00bb][\/dsm_animated_gradient_text][et_pb_text _builder_version=\u00bb4.23.4&#8243; _module_preset=\u00bbdefault\u00bb header_2_font=\u00bbNunito|600|||||||\u00bb header_2_text_color=\u00bb#863d12&#8243; custom_margin=\u00bb5%||||false|false\u00bb locked=\u00bboff\u00bb global_colors_info=\u00bb{}\u00bb]<\/p>\n<h3 style=\"text-align: center;\"><span>Si necesitas m\u00e1s felicidad pero no est\u00e1s cerca, cont\u00e1ctame de todos modos. \u00bfQuiz\u00e1s tu ubicaci\u00f3n ser\u00e1 mi pr\u00f3xima parada en mi continuo viaje de alegr\u00eda de vivir? O nos reunimos para hacer Pilates o yoga en un espacio virtual.<\/span><\/h3>\n<p>[\/et_pb_text][et_pb_button button_url=\u00bb@ET-DC@eyJkeW5hbWljIjp0cnVlLCJjb250ZW50IjoicG9zdF9saW5rX3VybF9wYWdlIiwic2V0dGluZ3MiOnsicG9zdF9pZCI6IjIwMzAifX0=@\u00bb button_text=\u00bbM\u00e1s vida en mi vida\u00bb button_alignment=\u00bbcenter\u00bb _builder_version=\u00bb4.27.4&#8243; _dynamic_attributes=\u00bbbutton_url\u00bb button_bg_color=\u00bb#863d12&#8243; custom_margin=\u00bb||||false|false\u00bb custom_padding=\u00bb10px|40px|10px|40px|true|true\u00bb box_shadow_style=\u00bbpreset3&#8243; box_shadow_color=\u00bb#a49c87&#8243; global_colors_info=\u00bb{}\u00bb][\/et_pb_button][et_pb_text _builder_version=\u00bb4.27.4&#8243; _module_preset=\u00bbdefault\u00bb global_colors_info=\u00bb{}\u00bb]<\/p>\n<p style=\"text-align: center;\"><span>Cont\u00e1ctanos para una porci\u00f3n de felicidad de Tilom<\/span><\/p>\n<p>[\/et_pb_text][\/et_pb_column][\/et_pb_row][\/et_pb_section][et_pb_section fb_built=\u00bb1&#8243; admin_label=\u00bbEmail\u00bb _builder_version=\u00bb4.16&#8243; custom_margin=\u00bb||||false|false\u00bb saved_tabs=\u00bball\u00bb locked=\u00bboff\u00bb global_colors_info=\u00bb{}\u00bb][et_pb_row _builder_version=\u00bb4.16&#8243; background_enable_image=\u00bboff\u00bb custom_margin=\u00bb||||false|false\u00bb custom_margin_tablet=\u00bb||\u00bb custom_margin_phone=\u00bb0px|||\u00bb custom_margin_last_edited=\u00bbon|tablet\u00bb custom_padding=\u00bb40px|40px|40px|40px|true|true\u00bb border_radii=\u00bbon|7px|7px|7px|7px\u00bb border_width_all=\u00bb1px\u00bb border_color_all=\u00bb#ede9cd\u00bb global_colors_info=\u00bb{}\u00bb][et_pb_column type=\u00bb4_4&#8243; _builder_version=\u00bb4.16&#8243; custom_padding=\u00bb|||\u00bb global_colors_info=\u00bb{}\u00bb custom_padding__hover=\u00bb|||\u00bb][et_pb_text _builder_version=\u00bb4.23.4&#8243; _module_preset=\u00bbdefault\u00bb global_colors_info=\u00bb{}\u00bb]<\/p>\n<h2 style=\"text-align: center;\">Para cualquier consulta, p\u00f3ngase en contacto conmigo a trav\u00e9s de este formulario.<\/h2>\n<p>[\/et_pb_text][et_pb_contact_form email=\u00bbinfo@tilompatel.com\u00bb success_message=\u00bbVielen Dank f\u00fcr deine Nachricht\u00bb _builder_version=\u00bb4.27.4&#8243; _unique_id=\u00bb9c9b612a-6c6d-4956-961c-9fd15c312f6f\u00bb form_field_background_color=\u00bbrgba(237,233,205,0.7)\u00bb form_field_text_color=\u00bb#605b4c\u00bb captcha_font=\u00bb|600|||||||\u00bb captcha_text_color=\u00bb#863d12&#8243; captcha_font_size=\u00bb16px\u00bb form_field_font_size=\u00bb16px\u00bb custom_button=\u00bbon\u00bb button_text_size=\u00bb16px\u00bb button_text_color=\u00bb#ffffff\u00bb button_bg_color=\u00bb#863d12&#8243; button_bg_color_gradient_direction=\u00bb-60deg\u00bb button_bg_color_gradient_stops=\u00bb#57ac5a 0%|#7db667 100%\u00bb button_bg_color_gradient_start=\u00bb#57ac5a\u00bb button_bg_color_gradient_end=\u00bb#7db667&#8243; button_border_width=\u00bb0px\u00bb button_border_color=\u00bbrgba(0,0,0,0)\u00bb button_border_radius=\u00bb6px\u00bb button_font=\u00bbNunito|700|||||||\u00bb hover_enabled=\u00bb0&#8243; border_radii=\u00bbon|7px|7px|7px|7px\u00bb box_shadow_style_button=\u00bbpreset1&#8243; box_shadow_vertical_button=\u00bb20px\u00bb box_shadow_blur_button=\u00bb40px\u00bb box_shadow_color_button=\u00bbrgba(0,0,0,0)\u00bb form_background_color=\u00bbrgba(0,0,0,0.05)\u00bb global_colors_info=\u00bb{}\u00bb sticky_enabled=\u00bb0&#8243;][et_pb_contact_field field_id=\u00bbName\u00bb field_title=\u00bbNombre\u00bb _builder_version=\u00bb4.23.4&#8243; global_colors_info=\u00bb{}\u00bb button_text_size__hover_enabled=\u00bboff\u00bb button_one_text_size__hover_enabled=\u00bboff\u00bb button_two_text_size__hover_enabled=\u00bboff\u00bb button_text_color__hover_enabled=\u00bboff\u00bb button_one_text_color__hover_enabled=\u00bboff\u00bb button_two_text_color__hover_enabled=\u00bboff\u00bb button_border_width__hover_enabled=\u00bboff\u00bb button_one_border_width__hover_enabled=\u00bboff\u00bb button_two_border_width__hover_enabled=\u00bboff\u00bb button_border_color__hover_enabled=\u00bboff\u00bb button_one_border_color__hover_enabled=\u00bboff\u00bb button_two_border_color__hover_enabled=\u00bboff\u00bb button_border_radius__hover_enabled=\u00bboff\u00bb button_one_border_radius__hover_enabled=\u00bboff\u00bb button_two_border_radius__hover_enabled=\u00bboff\u00bb button_letter_spacing__hover_enabled=\u00bboff\u00bb button_one_letter_spacing__hover_enabled=\u00bboff\u00bb button_two_letter_spacing__hover_enabled=\u00bboff\u00bb button_bg_color__hover_enabled=\u00bboff\u00bb button_one_bg_color__hover_enabled=\u00bboff\u00bb button_two_bg_color__hover_enabled=\u00bboff\u00bb][\/et_pb_contact_field][et_pb_contact_field field_id=\u00bbEmail\u00bb field_title=\u00bbDirecci\u00f3n e-mail\u00bb field_type=\u00bbemail\u00bb _builder_version=\u00bb4.23.4&#8243; global_colors_info=\u00bb{}\u00bb button_text_size__hover_enabled=\u00bboff\u00bb button_one_text_size__hover_enabled=\u00bboff\u00bb button_two_text_size__hover_enabled=\u00bboff\u00bb button_text_color__hover_enabled=\u00bboff\u00bb button_one_text_color__hover_enabled=\u00bboff\u00bb button_two_text_color__hover_enabled=\u00bboff\u00bb button_border_width__hover_enabled=\u00bboff\u00bb button_one_border_width__hover_enabled=\u00bboff\u00bb button_two_border_width__hover_enabled=\u00bboff\u00bb button_border_color__hover_enabled=\u00bboff\u00bb button_one_border_color__hover_enabled=\u00bboff\u00bb button_two_border_color__hover_enabled=\u00bboff\u00bb button_border_radius__hover_enabled=\u00bboff\u00bb button_one_border_radius__hover_enabled=\u00bboff\u00bb button_two_border_radius__hover_enabled=\u00bboff\u00bb button_letter_spacing__hover_enabled=\u00bboff\u00bb button_one_letter_spacing__hover_enabled=\u00bboff\u00bb button_two_letter_spacing__hover_enabled=\u00bboff\u00bb button_bg_color__hover_enabled=\u00bboff\u00bb button_one_bg_color__hover_enabled=\u00bboff\u00bb button_two_bg_color__hover_enabled=\u00bboff\u00bb][\/et_pb_contact_field][et_pb_contact_field field_id=\u00bbPhone\u00bb field_title=\u00bbN\u00famero de tel\u00e9fono\u00bb required_mark=\u00bboff\u00bb _builder_version=\u00bb4.23.4&#8243; global_colors_info=\u00bb{}\u00bb][\/et_pb_contact_field][et_pb_contact_field field_id=\u00bbSubject\u00bb field_title=\u00bbTema\u00bb required_mark=\u00bboff\u00bb _builder_version=\u00bb4.23.4&#8243; global_colors_info=\u00bb{}\u00bb][\/et_pb_contact_field][et_pb_contact_field field_id=\u00bbMessage\u00bb field_title=\u00bbMensaje\u00bb field_type=\u00bbtext\u00bb fullwidth_field=\u00bbon\u00bb _builder_version=\u00bb4.23.4&#8243; global_colors_info=\u00bb{}\u00bb button_text_size__hover_enabled=\u00bboff\u00bb button_one_text_size__hover_enabled=\u00bboff\u00bb button_two_text_size__hover_enabled=\u00bboff\u00bb button_text_color__hover_enabled=\u00bboff\u00bb button_one_text_color__hover_enabled=\u00bboff\u00bb button_two_text_color__hover_enabled=\u00bboff\u00bb button_border_width__hover_enabled=\u00bboff\u00bb button_one_border_width__hover_enabled=\u00bboff\u00bb button_two_border_width__hover_enabled=\u00bboff\u00bb button_border_color__hover_enabled=\u00bboff\u00bb button_one_border_color__hover_enabled=\u00bboff\u00bb button_two_border_color__hover_enabled=\u00bboff\u00bb button_border_radius__hover_enabled=\u00bboff\u00bb button_one_border_radius__hover_enabled=\u00bboff\u00bb button_two_border_radius__hover_enabled=\u00bboff\u00bb button_letter_spacing__hover_enabled=\u00bboff\u00bb button_one_letter_spacing__hover_enabled=\u00bboff\u00bb button_two_letter_spacing__hover_enabled=\u00bboff\u00bb button_bg_color__hover_enabled=\u00bboff\u00bb button_one_bg_color__hover_enabled=\u00bboff\u00bb button_two_bg_color__hover_enabled=\u00bboff\u00bb][\/et_pb_contact_field][\/et_pb_contact_form][\/et_pb_column][\/et_pb_row][et_pb_row _builder_version=\u00bb4.23.4&#8243; _module_preset=\u00bbdefault\u00bb global_colors_info=\u00bb{}\u00bb][et_pb_column type=\u00bb4_4&#8243; _builder_version=\u00bb4.23.4&#8243; _module_preset=\u00bbdefault\u00bb global_colors_info=\u00bb{}\u00bb][et_pb_text _builder_version=\u00bb4.23.4&#8243; _module_preset=\u00bbdefault\u00bb global_colors_info=\u00bb{}\u00bb]<\/p>\n<h3 style=\"text-align: center;\"><span style=\"font-weight: 400;\"><span>Pago mediante transferencia bancaria<\/span>: <\/span><\/h3>\n<p style=\"text-align: center;\"><span style=\"font-weight: 400;\">Frank Felten, ES68 3076 0001 8726 3715 7724, Caja Siete<\/span><\/p>\n<p style=\"text-align: center;\"><span style=\"font-weight: 400;\"><\/span><\/p>\n<h3 style=\"text-align: center;\"><span style=\"font-weight: 400;\"><span>Pago f\u00e1cil a trav\u00e9s de PayPal<\/span>:<\/span><\/h3>\n<p>[\/et_pb_text][et_pb_button button_url=\u00bbhttps:\/\/www.paypal.com\/paypalme\/FrankFelten\u00bb url_new_window=\u00bbon\u00bb button_text=\u00bbPara PayPal\u00bb button_alignment=\u00bbcenter\u00bb _builder_version=\u00bb4.23.4&#8243; button_bg_color=\u00bb#863d12&#8243; custom_margin=\u00bb||||false|false\u00bb custom_padding=\u00bb10px|40px|10px|40px|true|true\u00bb box_shadow_style=\u00bbpreset3&#8243; box_shadow_color=\u00bb#a49c87&#8243; global_colors_info=\u00bb{}\u00bb][\/et_pb_button][\/et_pb_column][\/et_pb_row][\/et_pb_section]<\/p>\n","protected":false},"excerpt":{"rendered":"<p><div class=\"et_pb_module dsm_animated_gradient_text dsm_animated_gradient_text_0\">\n\t\t\t\t\n\t\t\t\t\n\t\t\t\t\n\t\t\t\t\n\t\t\t\t\n\t\t\t\t\n\t\t\t\t<div class=\"et_pb_module_inner\">\n\t\t\t\t\t<h2 class=\"dsm-animated-gradient-text et_pb_module_header\">Contacto para m\u00e1s felicidad<\/h2>\n\t\t\t\t<\/div>\n\t\t\t<\/div>Mis manos m\u00e1gicas para tu pr\u00f3ximo masaje de yoga Ayurveda, un clase de Pilates o Yoga y yo como tu liberador de hormonas de la felicidad del yoga de la risa est\u00e1n actualmente aqu\u00ed: Tenerife \u00a1Aseg\u00farate de contactarme si tambi\u00e9n est\u00e1s cerca de [&hellip;]<\/p>\n","protected":false},"author":10,"featured_media":4197,"parent":0,"menu_order":0,"comment_status":"closed","ping_status":"closed","template":"","meta":{"_et_pb_use_builder":"on","_et_pb_old_content":"","_et_gb_content_width":"","footnotes":""},"class_list":["post-3430","page","type-page","status-publish","has-post-thumbnail","hentry"],"yoast_head":"<!-- This site is optimized with the Yoast SEO plugin v27.4 - https:\/\/yoast.com\/product\/yoast-seo-wordpress\/ -->\n<title>Contacto para m\u00e1s felicidad<\/title>\n<meta name=\"description\" content=\"Mis manos m\u00e1gicas para tu pr\u00f3ximo masaje de yoga ayurv\u00e9dico, mi colecci\u00f3n de spinefitters para tu entrenamiento especial de espalda y yo como tu agitador de hormonas de la felicidad del yoga de la risa se encuentran en alg\u00fan lugar de Europa.\" \/>\n<meta name=\"robots\" content=\"index, follow, max-snippet:-1, max-image-preview:large, max-video-preview:-1\" \/>\n<link rel=\"canonical\" href=\"https:\/\/alegriabynoun.com\/es\/contacto-3\/\" \/>\n<meta property=\"og:locale\" content=\"es_ES\" \/>\n<meta property=\"og:type\" content=\"article\" \/>\n<meta property=\"og:title\" content=\"Contacto para m\u00e1s felicidad\" \/>\n<meta property=\"og:description\" content=\"Mis manos m\u00e1gicas para tu pr\u00f3ximo masaje de yoga ayurv\u00e9dico, mi colecci\u00f3n de spinefitters para tu entrenamiento especial de espalda y yo como tu agitador de hormonas de la felicidad del yoga de la risa se encuentran en alg\u00fan lugar de Europa.\" \/>\n<meta property=\"og:url\" content=\"https:\/\/alegriabynoun.com\/es\/contacto-3\/\" \/>\n<meta property=\"og:site_name\" content=\"Noun F. Felten\" \/>\n<meta property=\"article:modified_time\" content=\"2026-01-22T10:35:18+00:00\" \/>\n<meta property=\"og:image\" content=\"https:\/\/alegriabynoun.com\/wp-content\/uploads\/2020\/11\/yoga-fb.jpg\" \/>\n\t<meta property=\"og:image:width\" content=\"1200\" \/>\n\t<meta property=\"og:image:height\" content=\"628\" \/>\n\t<meta property=\"og:image:type\" content=\"image\/jpeg\" \/>\n<meta name=\"twitter:card\" content=\"summary_large_image\" \/>\n<meta name=\"twitter:label1\" content=\"Tiempo de lectura\" \/>\n\t<meta name=\"twitter:data1\" content=\"2 minutos\" \/>\n<script type=\"application\/ld+json\" class=\"yoast-schema-graph\">{\"@context\":\"https:\\\/\\\/schema.org\",\"@graph\":[{\"@type\":\"WebPage\",\"@id\":\"https:\\\/\\\/alegriabynoun.com\\\/es\\\/contacto-3\\\/\",\"url\":\"https:\\\/\\\/alegriabynoun.com\\\/es\\\/contacto-3\\\/\",\"name\":\"Contacto para m\u00e1s felicidad\",\"isPartOf\":{\"@id\":\"https:\\\/\\\/alegriabynoun.com\\\/es\\\/#website\"},\"primaryImageOfPage\":{\"@id\":\"https:\\\/\\\/alegriabynoun.com\\\/es\\\/contacto-3\\\/#primaryimage\"},\"image\":{\"@id\":\"https:\\\/\\\/alegriabynoun.com\\\/es\\\/contacto-3\\\/#primaryimage\"},\"thumbnailUrl\":\"https:\\\/\\\/alegriabynoun.com\\\/wp-content\\\/uploads\\\/kontakt.png\",\"datePublished\":\"2024-02-19T12:14:28+00:00\",\"dateModified\":\"2026-01-22T10:35:18+00:00\",\"description\":\"Mis manos m\u00e1gicas para tu pr\u00f3ximo masaje de yoga ayurv\u00e9dico, mi colecci\u00f3n de spinefitters para tu entrenamiento especial de espalda y yo como tu agitador de hormonas de la felicidad del yoga de la risa se encuentran en alg\u00fan lugar de Europa.\",\"breadcrumb\":{\"@id\":\"https:\\\/\\\/alegriabynoun.com\\\/es\\\/contacto-3\\\/#breadcrumb\"},\"inLanguage\":\"es\",\"potentialAction\":[{\"@type\":\"ReadAction\",\"target\":[\"https:\\\/\\\/alegriabynoun.com\\\/es\\\/contacto-3\\\/\"]}]},{\"@type\":\"ImageObject\",\"inLanguage\":\"es\",\"@id\":\"https:\\\/\\\/alegriabynoun.com\\\/es\\\/contacto-3\\\/#primaryimage\",\"url\":\"https:\\\/\\\/alegriabynoun.com\\\/wp-content\\\/uploads\\\/kontakt.png\",\"contentUrl\":\"https:\\\/\\\/alegriabynoun.com\\\/wp-content\\\/uploads\\\/kontakt.png\",\"width\":400,\"height\":250,\"caption\":\"Noun F. Felten\"},{\"@type\":\"BreadcrumbList\",\"@id\":\"https:\\\/\\\/alegriabynoun.com\\\/es\\\/contacto-3\\\/#breadcrumb\",\"itemListElement\":[{\"@type\":\"ListItem\",\"position\":1,\"name\":\"Startseite\",\"item\":\"https:\\\/\\\/alegriabynoun.com\\\/es\\\/\"},{\"@type\":\"ListItem\",\"position\":2,\"name\":\"Contacto\"}]},{\"@type\":\"WebSite\",\"@id\":\"https:\\\/\\\/alegriabynoun.com\\\/es\\\/#website\",\"url\":\"https:\\\/\\\/alegriabynoun.com\\\/es\\\/\",\"name\":\"alegr\u00eda by Frank Felten\",\"description\":\"Ayurvedische Massage, Pilates, Yoga &amp; mehr\",\"potentialAction\":[{\"@type\":\"SearchAction\",\"target\":{\"@type\":\"EntryPoint\",\"urlTemplate\":\"https:\\\/\\\/alegriabynoun.com\\\/es\\\/?s={search_term_string}\"},\"query-input\":{\"@type\":\"PropertyValueSpecification\",\"valueRequired\":true,\"valueName\":\"search_term_string\"}}],\"inLanguage\":\"es\"}]}<\/script>\n<!-- \/ Yoast SEO plugin. -->","yoast_head_json":{"title":"Contacto para m\u00e1s felicidad","description":"Mis manos m\u00e1gicas para tu pr\u00f3ximo masaje de yoga ayurv\u00e9dico, mi colecci\u00f3n de spinefitters para tu entrenamiento especial de espalda y yo como tu agitador de hormonas de la felicidad del yoga de la risa se encuentran en alg\u00fan lugar de Europa.","robots":{"index":"index","follow":"follow","max-snippet":"max-snippet:-1","max-image-preview":"max-image-preview:large","max-video-preview":"max-video-preview:-1"},"canonical":"https:\/\/alegriabynoun.com\/es\/contacto-3\/","og_locale":"es_ES","og_type":"article","og_title":"Contacto para m\u00e1s felicidad","og_description":"Mis manos m\u00e1gicas para tu pr\u00f3ximo masaje de yoga ayurv\u00e9dico, mi colecci\u00f3n de spinefitters para tu entrenamiento especial de espalda y yo como tu agitador de hormonas de la felicidad del yoga de la risa se encuentran en alg\u00fan lugar de Europa.","og_url":"https:\/\/alegriabynoun.com\/es\/contacto-3\/","og_site_name":"Noun F. Felten","article_modified_time":"2026-01-22T10:35:18+00:00","og_image":[{"width":1200,"height":628,"url":"https:\/\/alegriabynoun.com\/wp-content\/uploads\/2020\/11\/yoga-fb.jpg","type":"image\/jpeg"}],"twitter_card":"summary_large_image","twitter_misc":{"Tiempo de lectura":"2 minutos"},"schema":{"@context":"https:\/\/schema.org","@graph":[{"@type":"WebPage","@id":"https:\/\/alegriabynoun.com\/es\/contacto-3\/","url":"https:\/\/alegriabynoun.com\/es\/contacto-3\/","name":"Contacto para m\u00e1s felicidad","isPartOf":{"@id":"https:\/\/alegriabynoun.com\/es\/#website"},"primaryImageOfPage":{"@id":"https:\/\/alegriabynoun.com\/es\/contacto-3\/#primaryimage"},"image":{"@id":"https:\/\/alegriabynoun.com\/es\/contacto-3\/#primaryimage"},"thumbnailUrl":"https:\/\/alegriabynoun.com\/wp-content\/uploads\/kontakt.png","datePublished":"2024-02-19T12:14:28+00:00","dateModified":"2026-01-22T10:35:18+00:00","description":"Mis manos m\u00e1gicas para tu pr\u00f3ximo masaje de yoga ayurv\u00e9dico, mi colecci\u00f3n de spinefitters para tu entrenamiento especial de espalda y yo como tu agitador de hormonas de la felicidad del yoga de la risa se encuentran en alg\u00fan lugar de Europa.","breadcrumb":{"@id":"https:\/\/alegriabynoun.com\/es\/contacto-3\/#breadcrumb"},"inLanguage":"es","potentialAction":[{"@type":"ReadAction","target":["https:\/\/alegriabynoun.com\/es\/contacto-3\/"]}]},{"@type":"ImageObject","inLanguage":"es","@id":"https:\/\/alegriabynoun.com\/es\/contacto-3\/#primaryimage","url":"https:\/\/alegriabynoun.com\/wp-content\/uploads\/kontakt.png","contentUrl":"https:\/\/alegriabynoun.com\/wp-content\/uploads\/kontakt.png","width":400,"height":250,"caption":"Noun F. Felten"},{"@type":"BreadcrumbList","@id":"https:\/\/alegriabynoun.com\/es\/contacto-3\/#breadcrumb","itemListElement":[{"@type":"ListItem","position":1,"name":"Startseite","item":"https:\/\/alegriabynoun.com\/es\/"},{"@type":"ListItem","position":2,"name":"Contacto"}]},{"@type":"WebSite","@id":"https:\/\/alegriabynoun.com\/es\/#website","url":"https:\/\/alegriabynoun.com\/es\/","name":"alegr\u00eda by Frank Felten","description":"Ayurvedische Massage, Pilates, Yoga &amp; mehr","potentialAction":[{"@type":"SearchAction","target":{"@type":"EntryPoint","urlTemplate":"https:\/\/alegriabynoun.com\/es\/?s={search_term_string}"},"query-input":{"@type":"PropertyValueSpecification","valueRequired":true,"valueName":"search_term_string"}}],"inLanguage":"es"}]}},"_links":{"self":[{"href":"https:\/\/alegriabynoun.com\/es\/wp-json\/wp\/v2\/pages\/3430","targetHints":{"allow":["GET"]}}],"collection":[{"href":"https:\/\/alegriabynoun.com\/es\/wp-json\/wp\/v2\/pages"}],"about":[{"href":"https:\/\/alegriabynoun.com\/es\/wp-json\/wp\/v2\/types\/page"}],"author":[{"embeddable":true,"href":"https:\/\/alegriabynoun.com\/es\/wp-json\/wp\/v2\/users\/10"}],"replies":[{"embeddable":true,"href":"https:\/\/alegriabynoun.com\/es\/wp-json\/wp\/v2\/comments?post=3430"}],"version-history":[{"count":2,"href":"https:\/\/alegriabynoun.com\/es\/wp-json\/wp\/v2\/pages\/3430\/revisions"}],"predecessor-version":[{"id":4750,"href":"https:\/\/alegriabynoun.com\/es\/wp-json\/wp\/v2\/pages\/3430\/revisions\/4750"}],"wp:featuredmedia":[{"embeddable":true,"href":"https:\/\/alegriabynoun.com\/es\/wp-json\/wp\/v2\/media\/4197"}],"wp:attachment":[{"href":"https:\/\/alegriabynoun.com\/es\/wp-json\/wp\/v2\/media?parent=3430"}],"curies":[{"name":"wp","href":"https:\/\/api.w.org\/{rel}","templated":true}]}}